{"id":2704,"date":"2023-11-30T10:26:37","date_gmt":"2023-11-30T09:26:37","guid":{"rendered":"https:\/\/standort-niederrhein.dev-zs.de\/?page_id=2704"},"modified":"2025-11-25T12:09:22","modified_gmt":"2025-11-25T11:09:22","slug":"messen","status":"publish","type":"page","link":"https:\/\/standort-niederrhein.de\/en\/messen\/","title":{"rendered":"Messen"},"content":{"rendered":"<p>[et_pb_section fb_built=&#8221;1&#8243; admin_label=&#8221;Header&#8221; _builder_version=&#8221;4.24.2&#8243; _module_preset=&#8221;512e418d-568a-4821-8d2a-35b3c8da9362&#8243; locked=&#8221;off&#8221; global_colors_info=&#8221;{}&#8221;][et_pb_row admin_label=&#8221;HeaderImage&#8221; _builder_version=&#8221;4.27.4&#8243; _module_preset=&#8221;default&#8221; background_image=&#8221;https:\/\/standort-niederrhein.de\/wp-content\/uploads\/2025\/10\/18.jpg&#8221; max_width=&#8221;100%&#8221; height=&#8221;320px&#8221; custom_margin=&#8221;0px|0px|0px|0px|false|false&#8221; hover_enabled=&#8221;0&#8243; global_colors_info=&#8221;{}&#8221; alt=&#8221;Foto Messestand Expo Real 2025&#8243; title_text=&#8221;Foto Messestand Expo Real 2025&#8243; sticky_enabled=&#8221;0&#8243;][et_pb_column type=&#8221;4_4&#8243; _builder_version=&#8221;4.21.0&#8243; _module_preset=&#8221;default&#8221; global_colors_info=&#8221;{}&#8221;][\/et_pb_column][\/et_pb_row][\/et_pb_section][et_pb_section fb_built=&#8221;1&#8243; _builder_version=&#8221;4.21.0&#8243; _module_preset=&#8221;default&#8221; locked=&#8221;off&#8221; global_colors_info=&#8221;{}&#8221;][et_pb_row _builder_version=&#8221;4.21.0&#8243; _module_preset=&#8221;default&#8221; global_colors_info=&#8221;{}&#8221;][et_pb_column type=&#8221;4_4&#8243; _builder_version=&#8221;4.21.0&#8243; _module_preset=&#8221;default&#8221; global_colors_info=&#8221;{}&#8221;][et_pb_text _builder_version=&#8221;4.24.1&#8243; _module_preset=&#8221;_initial&#8221; max_width=&#8221;720px&#8221; module_alignment=&#8221;left&#8221; content_en_us=&#8221;<\/p>\n<h3>Meet us<\/h3>\n<h1>Trade fairs<\/h1>\n<p><span>The Niederrhein Region is represented at the major relevant real estate trade fairs with its own stand. This is where you can not only meet us, but also the decision makers from our towns and local administrative districts. You are welcome to make an appointment in advance for a meeting at a trade fair. An email or a phone call will suffice.<\/span><\/p>\n<p>&#8221; global_colors_info=&#8221;{}&#8221;]<\/p>\n<h3>Treffen Sie uns<\/h3>\n<h1>Messen<\/h1>\n<p><span>Der Standort Niederrhein ist auf den gro\u00dfen Immobilienrelevanten Messen mit einem eigenen Stand pr\u00e4sent. Hier treffen Sie nicht nur uns, sondern auch Entscheider aus unseren St\u00e4dten und Kreisen. Gerne k\u00f6nnen Sie vorab einen Termin f\u00fcr ein Messe-Meeting vereinbaren. Mail oder Anruf gen\u00fcgt.<\/span><\/p>\n<p>[\/et_pb_text][\/et_pb_column][\/et_pb_row][\/et_pb_section][et_pb_section fb_built=&#8221;1&#8243; _builder_version=&#8221;4.24.2&#8243; _module_preset=&#8221;default&#8221; global_colors_info=&#8221;{}&#8221;][et_pb_row column_structure=&#8221;3_5,2_5&#8243; use_custom_gutter=&#8221;on&#8221; gutter_width=&#8221;1&#8243; make_equal=&#8221;on&#8221; module_class=&#8221;expo-tile expo-tile-txt-img&#8221; _builder_version=&#8221;4.24.2&#8243; _module_preset=&#8221;default&#8221; background_color=&#8221;#847973&#8243; border_radii=&#8221;on|16px|16px|16px|16px&#8221; global_colors_info=&#8221;{}&#8221;][et_pb_column type=&#8221;3_5&#8243; admin_label=&#8221;Logo, Text und Link&#8221; _builder_version=&#8221;4.23.1&#8243; _module_preset=&#8221;default&#8221; custom_padding=&#8221;24px|24px|24px|24px|true|true&#8221; global_colors_info=&#8221;{}&#8221;][et_pb_image src=&#8221;https:\/\/standort-niederrhein.de\/wp-content\/uploads\/2023\/12\/logo-expo-real-2023.svg&#8221; title_text=&#8221;Logo Expo Real&#8221; _builder_version=&#8221;4.23.1&#8243; _module_preset=&#8221;default&#8221; height=&#8221;75px&#8221; custom_margin=&#8221;||24px||false|false&#8221; global_colors_info=&#8221;{}&#8221;][\/et_pb_image][et_pb_text _builder_version=&#8221;4.23.1&#8243; _module_preset=&#8221;default&#8221; text_text_color=&#8221;#FFFFFF&#8221; header_3_text_color=&#8221;#FFFFFF&#8221; custom_margin=&#8221;||||false|false&#8221; global_colors_info=&#8221;{}&#8221;]<\/p>\n<h3>Expo Real<\/h3>\n<p>[\/et_pb_text][et_pb_text _builder_version=&#8221;4.23.1&#8243; _module_preset=&#8221;default&#8221; text_text_color=&#8221;#FFFFFF&#8221; max_width=&#8221;340px&#8221; custom_margin=&#8221;||24px||false|false&#8221; content_en_us=&#8221;<\/p>\n<p>There is still room in Niederrhein Region \u2013 conveniently located in the immediate vicinity of the NRW state capital D\u00fcsseldorf, Cologne, the Ruhr region and the Netherlands.<\/p>\n<p>&#8221; global_colors_info=&#8221;{}&#8221;]<\/p>\n<p>Der Standort Niederrhein hat noch Platz \u2013 lageg\u00fcnstig in direkter Nachbarschaft zur NRW-Landeshauptstadt D\u00fcsseldorf, zu K\u00f6ln, zum Ruhrgebiet und zu den Niederlanden.<\/p>\n<p>[\/et_pb_text][et_pb_button button_url=&#8221;@ET-DC@eyJkeW5hbWljIjp0cnVlLCJjb250ZW50IjoicG9zdF9saW5rX3VybF9wYWdlIiwic2V0dGluZ3MiOnsicG9zdF9pZCI6IjI3NDkifX0=@&#8221; button_text=&#8221;mehr erfahren&#8221; _builder_version=&#8221;4.24.1&#8243; _dynamic_attributes=&#8221;button_url&#8221; _module_preset=&#8221;6835029e-1b0e-442f-9b2a-3e63eb4b7a31&#8243; button_text_en_us=&#8221;learn more&#8221; global_colors_info=&#8221;{}&#8221;][\/et_pb_button][\/et_pb_column][et_pb_column type=&#8221;2_5&#8243; module_class=&#8221;column-img&#8221; admin_label=&#8221;Bild&#8221; _builder_version=&#8221;4.23.1&#8243; _module_preset=&#8221;default&#8221; global_colors_info=&#8221;{}&#8221;][et_pb_image src=&#8221;https:\/\/standort-niederrhein.de\/wp-content\/uploads\/2025\/10\/18.jpg&#8221; title_text=&#8221;Foto Messestand Expo Real 2025&#8243; align=&#8221;center&#8221; force_fullwidth=&#8221;on&#8221; _builder_version=&#8221;4.27.4&#8243; _module_preset=&#8221;default&#8221; hover_enabled=&#8221;0&#8243; global_colors_info=&#8221;{}&#8221; alt=&#8221;Foto Messestand Expo Real 2025&#8243; sticky_enabled=&#8221;0&#8243;][\/et_pb_image][\/et_pb_column][\/et_pb_row][\/et_pb_section][et_pb_section fb_built=&#8221;1&#8243; _builder_version=&#8221;4.23.1&#8243; _module_preset=&#8221;default&#8221; global_colors_info=&#8221;{}&#8221;][et_pb_row column_structure=&#8221;2_5,3_5&#8243; use_custom_gutter=&#8221;on&#8221; gutter_width=&#8221;1&#8243; make_equal=&#8221;on&#8221; module_class=&#8221;expo-tile&#8221; _builder_version=&#8221;4.24.2&#8243; _module_preset=&#8221;default&#8221; background_color=&#8221;#847973&#8243; border_radii=&#8221;on|16px|16px|16px|16px&#8221; global_colors_info=&#8221;{}&#8221;][et_pb_column type=&#8221;2_5&#8243; module_class=&#8221;column-img&#8221; admin_label=&#8221;Bild&#8221; _builder_version=&#8221;4.23.1&#8243; _module_preset=&#8221;default&#8221; global_colors_info=&#8221;{}&#8221;][et_pb_image src=&#8221;https:\/\/standort-niederrhein.de\/wp-content\/uploads\/2024\/04\/polis-convention2024.jpg&#8221; title_text=&#8221;polis Convention 2024&#8243; align=&#8221;center&#8221; force_fullwidth=&#8221;on&#8221; _builder_version=&#8221;4.25.0&#8243; _module_preset=&#8221;default&#8221; global_colors_info=&#8221;{}&#8221;][\/et_pb_image][\/et_pb_column][et_pb_column type=&#8221;3_5&#8243; admin_label=&#8221;Logo, Text und Link&#8221; _builder_version=&#8221;4.23.1&#8243; _module_preset=&#8221;default&#8221; custom_padding=&#8221;24px|24px|24px|24px|true|true&#8221; global_colors_info=&#8221;{}&#8221;][et_pb_image src=&#8221;https:\/\/standort-niederrhein.de\/wp-content\/uploads\/2024\/02\/polisConvention.svg&#8221; alt=&#8221;Logo polis Convention&#8221; title_text=&#8221;polis Convention&#8221; _builder_version=&#8221;4.23.1&#8243; _module_preset=&#8221;default&#8221; height=&#8221;75px&#8221; custom_margin=&#8221;||24px||false|false&#8221; global_colors_info=&#8221;{}&#8221;][\/et_pb_image][et_pb_text _builder_version=&#8221;4.23.1&#8243; _module_preset=&#8221;default&#8221; text_text_color=&#8221;#FFFFFF&#8221; header_3_text_color=&#8221;#FFFFFF&#8221; custom_margin=&#8221;||||false|false&#8221; global_colors_info=&#8221;{}&#8221;]<\/p>\n<h3>polis Convention<\/h3>\n<p>[\/et_pb_text][et_pb_text _builder_version=&#8221;4.24.3&#8243; _module_preset=&#8221;default&#8221; text_text_color=&#8221;#FFFFFF&#8221; max_width=&#8221;340px&#8221; custom_margin=&#8221;||24px||false|false&#8221; content_en_us=&#8221;<\/p>\n<p>The Niederrhine Region presents itself in D\u00fcsseldorf at the nationwide trade fair for urban and real estate development.<\/p>\n<p>&#8221; global_colors_info=&#8221;{}&#8221;]<\/p>\n<p><span>Der Standort Niederrhein pr\u00e4sentiert sich in D\u00fcsseldorf auf der bundesweite Messe f\u00fcr Stadt- und Immobilienentwicklung.<\/span><\/p>\n<p>[\/et_pb_text][et_pb_button button_url=&#8221;@ET-DC@eyJkeW5hbWljIjp0cnVlLCJjb250ZW50IjoicG9zdF9saW5rX3VybF9wYWdlIiwic2V0dGluZ3MiOnsicG9zdF9pZCI6IjM1MzkifX0=@&#8221; button_text=&#8221;mehr erfahren&#8221; _builder_version=&#8221;4.24.2&#8243; _dynamic_attributes=&#8221;button_url&#8221; _module_preset=&#8221;701ef91b-7f49-4764-b28c-07a447d0d9e1&#8243; button_text_color=&#8221;#FFFFFF&#8221; button_icon_color=&#8221;#847973&#8243; custom_css_after=&#8221;background-color: #fff;||text-align: right;||width: 23px;||height: 29px;||border-radius: 16px;||position: absolute;||padding: 3px 9px 0 0;||top: -3px;||right: -12px;||z-index: -1;&#8221; button_text_en_us=&#8221;learn more&#8221; global_colors_info=&#8221;{}&#8221; button_text_color__hover_enabled=&#8221;on|hover&#8221; button_text_color__hover=&#8221;#847973&#8243; button_bg_enable_color__hover=&#8221;on&#8221; button_bg_color__hover_enabled=&#8221;on|desktop&#8221; custom_css_after__hover_enabled=&#8221;on|hover&#8221; custom_css_after__hover=&#8221;width: calc(100% + 16px);&#8221;][\/et_pb_button][\/et_pb_column][\/et_pb_row][\/et_pb_section][et_pb_section fb_built=&#8221;1&#8243; _builder_version=&#8221;4.24.2&#8243; _module_preset=&#8221;default&#8221; global_colors_info=&#8221;{}&#8221;][et_pb_row column_structure=&#8221;3_5,2_5&#8243; use_custom_gutter=&#8221;on&#8221; gutter_width=&#8221;1&#8243; make_equal=&#8221;on&#8221; module_class=&#8221;expo-tile expo-tile-txt-img&#8221; _builder_version=&#8221;4.24.2&#8243; _module_preset=&#8221;default&#8221; background_color=&#8221;#847973&#8243; border_radii=&#8221;on|16px|16px|16px|16px&#8221; global_colors_info=&#8221;{}&#8221;][et_pb_column type=&#8221;3_5&#8243; admin_label=&#8221;Logo, Text und Link&#8221; _builder_version=&#8221;4.23.1&#8243; _module_preset=&#8221;default&#8221; custom_padding=&#8221;24px|24px|24px|24px|true|true&#8221; global_colors_info=&#8221;{}&#8221;][et_pb_image src=&#8221;https:\/\/standort-niederrhein.de\/wp-content\/uploads\/2024\/02\/transport-logistic.svg&#8221; title_text=&#8221;Logo transport logistic&#8221; _builder_version=&#8221;4.24.2&#8243; _module_preset=&#8221;default&#8221; height=&#8221;75px&#8221; custom_margin=&#8221;||24px||false|false&#8221; global_colors_info=&#8221;{}&#8221;][\/et_pb_image][et_pb_text _builder_version=&#8221;4.24.1&#8243; _module_preset=&#8221;default&#8221; text_text_color=&#8221;#FFFFFF&#8221; header_3_text_color=&#8221;#FFFFFF&#8221; custom_margin=&#8221;||||false|false&#8221; global_colors_info=&#8221;{}&#8221;]<\/p>\n<h3>transport logistic<\/h3>\n<p>[\/et_pb_text][et_pb_text _builder_version=&#8221;4.24.3&#8243; _module_preset=&#8221;default&#8221; text_text_color=&#8221;#FFFFFF&#8221; max_width=&#8221;340px&#8221; custom_margin=&#8221;||24px||false|false&#8221; content_en_us=&#8221;<\/p>\n<p>transport logistic is the internationally recognized leading trade fair for logistics, mobility, IT and supply chain management in Munich.<\/p>\n<p>&#8221; global_colors_info=&#8221;{}&#8221;]<\/p>\n<p><span>Die transport logistic in M\u00fcnchen ist die international anerkannte Leitmesse f\u00fcr Logistik, Mobilit\u00e4t, IT und Supply Chain Management.<\/span><\/p>\n<p>[\/et_pb_text][et_pb_button button_url=&#8221;@ET-DC@eyJkeW5hbWljIjp0cnVlLCJjb250ZW50IjoicG9zdF9saW5rX3VybF9wYWdlIiwic2V0dGluZ3MiOnsicG9zdF9pZCI6IjM2NzQifX0=@&#8221; button_text=&#8221;mehr erfahren&#8221; _builder_version=&#8221;4.24.2&#8243; _dynamic_attributes=&#8221;button_url&#8221; _module_preset=&#8221;701ef91b-7f49-4764-b28c-07a447d0d9e1&#8243; button_text_color=&#8221;#FFFFFF&#8221; button_icon_color=&#8221;#847973&#8243; custom_css_after=&#8221;background-color: #fff;||text-align: right;||width: 23px;||height: 29px;||border-radius: 16px;||position: absolute;||padding: 3px 9px 0 0;||top: -3px;||right: -12px;||z-index: -1;&#8221; button_text_en_us=&#8221;learn more&#8221; global_colors_info=&#8221;{}&#8221; button_text_color__hover_enabled=&#8221;on|hover&#8221; button_text_color__hover=&#8221;#847973&#8243; button_bg_enable_color__hover=&#8221;on&#8221; button_bg_color__hover_enabled=&#8221;on|desktop&#8221; custom_css_after__hover_enabled=&#8221;on|hover&#8221; custom_css_after__hover=&#8221;width: calc(100% + 16px);&#8221;][\/et_pb_button][\/et_pb_column][et_pb_column type=&#8221;2_5&#8243; module_class=&#8221;column-img&#8221; admin_label=&#8221;Bild&#8221; _builder_version=&#8221;4.23.1&#8243; _module_preset=&#8221;default&#8221; global_colors_info=&#8221;{}&#8221;][et_pb_image src=&#8221;https:\/\/standort-niederrhein.de\/wp-content\/uploads\/2024\/02\/transport-logistic-scaled.jpg&#8221; title_text=&#8221;transport logistic&#8221; align=&#8221;center&#8221; force_fullwidth=&#8221;on&#8221; _builder_version=&#8221;4.24.2&#8243; _module_preset=&#8221;default&#8221; global_colors_info=&#8221;{}&#8221;][\/et_pb_image][\/et_pb_column][\/et_pb_row][\/et_pb_section][et_pb_section fb_built=&#8221;1&#8243; admin_label=&#8221;Ansprechpartner&#8221; _builder_version=&#8221;4.21.0&#8243; _module_preset=&#8221;default&#8221; global_module=&#8221;2785&#8243; locked=&#8221;off&#8221; global_colors_info=&#8221;{}&#8221;][et_pb_row _builder_version=&#8221;4.23.1&#8243; _module_preset=&#8221;default&#8221; global_colors_info=&#8221;{}&#8221;][et_pb_column type=&#8221;4_4&#8243; _builder_version=&#8221;4.21.0&#8243; _module_preset=&#8221;default&#8221; global_colors_info=&#8221;{}&#8221;][et_pb_text _builder_version=&#8221;4.24.1&#8243; _module_preset=&#8221;default&#8221; text_orientation=&#8221;center&#8221; max_width=&#8221;720px&#8221; module_alignment=&#8221;center&#8221; content_en_us=&#8221;<\/p>\n<h2>Your Contacts<\/h2>\n<p><span>Standort Niederrhein GmbH provides data and analysis on the Niederrhein Region as an investment location and is the first port of call for investors and businesses that are interested in locating in the Niederrhein Region. Please use us as an information platform for your business in the Niederrhein Region.<\/span><\/p>\n<p>&#8221; global_colors_info=&#8221;{}&#8221;]<\/p>\n<h2>Sprechen Sie uns an!<\/h2>\n<p>Die Standort Niederrhein GmbH stellt Daten, Analysen und Informationen \u00fcber den Wirtschafts\u00adstandort Nieder\u00adrhein bereit und ist die erste Anlauf\u00adstelle f\u00fcr Investoren und\u00a0Unternehmen, die sich f\u00fcr den Nieder\u00adrhein als Standort interessieren. Nutzen Sie uns als Ihre Informations\u00adplattform f\u00fcr Ihr Business am Nieder\u00adrhein.<\/p>\n<p>[\/et_pb_text][\/et_pb_column][\/et_pb_row][et_pb_row column_structure=&#8221;1_3,1_3,1_3&#8243; use_custom_gutter=&#8221;on&#8221; gutter_width=&#8221;2&#8243; module_class=&#8221;stn-ansprechpartner&#8221; _builder_version=&#8221;4.21.0&#8243; _module_preset=&#8221;default&#8221; global_colors_info=&#8221;{}&#8221;][et_pb_column type=&#8221;1_3&#8243; _builder_version=&#8221;4.21.0&#8243; _module_preset=&#8221;default&#8221; global_colors_info=&#8221;{}&#8221;][et_pb_blurb title=&#8221;Bertram Gaiser&#8221; image=&#8221;https:\/\/standort-niederrhein.de\/wp-content\/uploads\/2023\/07\/bertram-gaiser.jpg&#8221; module_class=&#8221;contact-tile&#8221; _builder_version=&#8221;4.23.1&#8243; _module_preset=&#8221;e91db9bc-9eca-44a4-ae02-615a87bc481a&#8221; title_en_us=&#8221;Bertram Gaiser&#8221; content_en_us=&#8221;<\/p>\n<p>Managing Director<br \/>+49 (0) 2131.92 68 592<br \/><a href=%22mailto:gaiser@standort-niederrhein.de%22>gaiser@standort-niederrhein.de<\/a><\/p>\n<p>&#8221; global_colors_info=&#8221;{}&#8221;]<\/p>\n<p>Gesch\u00e4ftsf\u00fchrer<br \/>+49 (0) 2131.92 68 592<br \/><a href=\"mailto:gaiser@standort-niederrhein.de\">gaiser@standort-niederrhein.de<\/a><\/p>\n<p>[\/et_pb_blurb][\/et_pb_column][et_pb_column type=&#8221;1_3&#8243; _builder_version=&#8221;4.21.0&#8243; _module_preset=&#8221;default&#8221; global_colors_info=&#8221;{}&#8221;][et_pb_blurb title=&#8221;Andrea Scharf&#8221; image=&#8221;https:\/\/standort-niederrhein.de\/wp-content\/uploads\/2023\/07\/andrea-scharf.jpg&#8221; module_class=&#8221;contact-tile&#8221; _builder_version=&#8221;4.23.1&#8243; _module_preset=&#8221;e91db9bc-9eca-44a4-ae02-615a87bc481a&#8221; title_en_us=&#8221;Andrea Scharf&#8221; content_en_us=&#8221;<\/p>\n<p>Project management, location marketing<br \/>+49 (0) 2131.92 68 591<br \/><a href=%22mailto:scharf@standort-niederrhein.de%22>scharf@standort-niederrhein.de<\/a><\/p>\n<p>&#8221; global_colors_info=&#8221;{}&#8221;]<\/p>\n<p>Projektleitung, Standortmarketing<br \/>+49 (0) 2131.92 68 591<br \/><a href=\"mailto:scharf@standort-niederrhein.de\">scharf@standort-niederrhein.de<\/a><\/p>\n<p>[\/et_pb_blurb][\/et_pb_column][et_pb_column type=&#8221;1_3&#8243; _builder_version=&#8221;4.21.0&#8243; _module_preset=&#8221;default&#8221; global_colors_info=&#8221;{}&#8221;][et_pb_blurb title=&#8221;Silke Mayer-Lyko&#8221; image=&#8221;https:\/\/standort-niederrhein.de\/wp-content\/uploads\/2023\/07\/silke-mayer-lyko.jpg&#8221; module_class=&#8221;contact-tile&#8221; _builder_version=&#8221;4.23.1&#8243; _module_preset=&#8221;e91db9bc-9eca-44a4-ae02-615a87bc481a&#8221; title_en_us=&#8221;Silke Mayer-Lyko&#8221; content_en_us=&#8221;<\/p>\n<p>Press and public relations<br \/>+49 (0) 2131.92 68 597<br \/><a href=%22mailto:mayer-lyko@standort-niederrhein.de%22>mayer-lyko@standort-niederrhein.de<\/a><\/p>\n<p>&#8221; global_colors_info=&#8221;{}&#8221;]<\/p>\n<p>Presse- und \u00d6ffentlichkeitsarbeit<br \/>+49 (0) 2131.92 68 597<br \/><a href=\"mailto:mayer-lyko@standort-niederrhein.de\">mayer-lyko@standort-niederrhein.de<\/a><\/p>\n<p>[\/et_pb_blurb][\/et_pb_column][\/et_pb_row][\/et_pb_section]<\/p>\n","protected":false},"excerpt":{"rendered":"<p>Treffen Sie uns Messen Der Standort Niederrhein ist auf den gro\u00dfen Immobilienrelevanten Messen mit einem eigenen Stand pr\u00e4sent. Hier treffen Sie nicht nur uns, sondern auch Entscheider aus unseren St\u00e4dten und Kreisen. Gerne k\u00f6nnen Sie vorab einen Termin f\u00fcr ein Messe-Meeting vereinbaren. Mail oder Anruf gen\u00fcgt.Expo RealDer Standort Niederrhein hat noch Platz \u2013 lageg\u00fcnstig in direkter Nachbarschaft zur NRW-Landeshauptstadt D\u00fcsseldorf, zu K\u00f6ln, zum Ruhrgebiet und zu den Niederlanden.polis ConventionDer Standort Niederrhein pr\u00e4sentiert sich in D\u00fcsseldorf auf der bundesweite Messe f\u00fcr Stadt- und Immobilienentwicklung.transport logisticDie transport logistic in M\u00fcnchen ist die international anerkannte Leitmesse f\u00fcr Logistik, Mobilit\u00e4t, IT und Supply Chain Management.Sprechen Sie uns an! Die Standort Niederrhein GmbH stellt Daten, Analysen und Informationen \u00fcber den Wirtschafts\u00adstandort Nieder\u00adrhein bereit und ist die erste Anlauf\u00adstelle f\u00fcr Investoren und\u00a0Unternehmen, die sich f\u00fcr den Nieder\u00adrhein als Standort interessieren. Nutzen Sie uns als Ihre Informations\u00adplattform f\u00fcr Ihr Business am Nieder\u00adrhein.Gesch\u00e4ftsf\u00fchrer+49 (0) 2131.92 68 592gaiser@standort-niederrhein.deProjektleitung, Standortmarketing+49 (0) 2131.92 68 591scharf@standort-niederrhein.dePresse- und \u00d6ffentlichkeitsarbeit+49 (0) 2131.92 68 597mayer-lyko@standort-niederrhein.de<\/p>\n","protected":false},"author":1,"featured_media":0,"parent":0,"menu_order":0,"comment_status":"closed","ping_status":"closed","template":"","meta":{"_et_pb_use_builder":"on","_et_pb_old_content":"","_et_gb_content_width":"","footnotes":""},"class_list":["post-2704","page","type-page","status-publish","hentry"],"_links":{"self":[{"href":"https:\/\/standort-niederrhein.de\/en\/wp-json\/wp\/v2\/pages\/2704","targetHints":{"allow":["GET"]}}],"collection":[{"href":"https:\/\/standort-niederrhein.de\/en\/wp-json\/wp\/v2\/pages"}],"about":[{"href":"https:\/\/standort-niederrhein.de\/en\/wp-json\/wp\/v2\/types\/page"}],"author":[{"embeddable":true,"href":"https:\/\/standort-niederrhein.de\/en\/wp-json\/wp\/v2\/users\/1"}],"replies":[{"embeddable":true,"href":"https:\/\/standort-niederrhein.de\/en\/wp-json\/wp\/v2\/comments?post=2704"}],"version-history":[{"count":43,"href":"https:\/\/standort-niederrhein.de\/en\/wp-json\/wp\/v2\/pages\/2704\/revisions"}],"predecessor-version":[{"id":7111,"href":"https:\/\/standort-niederrhein.de\/en\/wp-json\/wp\/v2\/pages\/2704\/revisions\/7111"}],"wp:attachment":[{"href":"https:\/\/standort-niederrhein.de\/en\/wp-json\/wp\/v2\/media?parent=2704"}],"curies":[{"name":"wp","href":"https:\/\/api.w.org\/{rel}","templated":true}]}}