{"id":2470,"date":"2023-11-16T12:25:25","date_gmt":"2023-11-16T11:25:25","guid":{"rendered":"https:\/\/standort-niederrhein.dev-zs.de\/?page_id=2470"},"modified":"2025-09-16T16:36:55","modified_gmt":"2025-09-16T14:36:55","slug":"downloads","status":"publish","type":"page","link":"https:\/\/standort-niederrhein.de\/en\/downloads\/","title":{"rendered":"Downloads"},"content":{"rendered":"<p>[et_pb_section fb_built=&#8221;1&#8243; admin_label=&#8221;Code Section Hompage Header Bar&#8221; _builder_version=&#8221;4.21.0&#8243; _module_preset=&#8221;default&#8221; background_color=&#8221;#FE5000&#8243; height=&#8221;84px&#8221; custom_margin=&#8221;-84px||||false|false&#8221; custom_padding=&#8221;0px|48px|0px|48px|true|true&#8221; global_colors_info=&#8221;{}&#8221;][et_pb_row _builder_version=&#8221;4.21.0&#8243; _module_preset=&#8221;default&#8221; custom_margin=&#8221;0px||0px||true|false&#8221; global_colors_info=&#8221;{}&#8221;][et_pb_column type=&#8221;4_4&#8243; _builder_version=&#8221;4.21.0&#8243; _module_preset=&#8221;default&#8221; global_colors_info=&#8221;{}&#8221;][et_pb_code _builder_version=&#8221;4.21.0&#8243; _module_preset=&#8221;default&#8221; global_colors_info=&#8221;{}&#8221;]<script><!-- [et_pb_line_break_holder] -->jQuery(function($){<!-- [et_pb_line_break_holder] -->  $('#section-header-bar').addClass('scroll-header-orange');<!-- [et_pb_line_break_holder] -->  $(window).scroll(function() {<!-- [et_pb_line_break_holder] -->      if ($(document).scrollTop() > 50) {<!-- [et_pb_line_break_holder] -->        $('#section-header-bar').removeClass('scroll-header-orange');<!-- [et_pb_line_break_holder] -->    } else {<!-- [et_pb_line_break_holder] -->      $('#section-header-bar').addClass('scroll-header-orange');<!-- [et_pb_line_break_holder] -->    }<!-- [et_pb_line_break_holder] -->  });<!-- [et_pb_line_break_holder] -->});<!-- [et_pb_line_break_holder] --><\/script>[\/et_pb_code][\/et_pb_column][\/et_pb_row][\/et_pb_section][et_pb_section fb_built=&#8221;1&#8243; _builder_version=&#8221;4.27.4&#8243; _module_preset=&#8221;default&#8221; custom_padding=&#8221;|48px|16px|48px|false|true&#8221; global_colors_info=&#8221;{}&#8221;][et_pb_row _builder_version=&#8221;4.27.4&#8243; _module_preset=&#8221;default&#8221; custom_margin=&#8221;0px||0px||false|false&#8221; global_colors_info=&#8221;{}&#8221;][et_pb_column type=&#8221;4_4&#8243; _builder_version=&#8221;4.27.4&#8243; _module_preset=&#8221;default&#8221; global_colors_info=&#8221;{}&#8221;][et_pb_text _builder_version=&#8221;4.27.4&#8243; _module_preset=&#8221;default&#8221; text_orientation=&#8221;center&#8221; background_layout=&#8221;dark&#8221; custom_margin=&#8221;0px|0px|0px|0px|true|true&#8221; custom_padding=&#8221;0px|0px|0px|0px|true|true&#8221; global_colors_info=&#8221;{}&#8221;]<\/p>\n<h1>Downloads<\/h1>\n<p>[\/et_pb_text][\/et_pb_column][\/et_pb_row][\/et_pb_section][et_pb_section fb_built=&#8221;1&#8243; admin_label=&#8221;Downloads&#8221; _builder_version=&#8221;4.23.1&#8243; _module_preset=&#8221;default&#8221; background_image=&#8221;https:\/\/standort-niederrhein.de\/wp-content\/uploads\/2023\/11\/downloads-bg-02-scaled.jpg&#8221; parallax=&#8221;on&#8221; global_module=&#8221;2788&#8243; saved_tabs=&#8221;all&#8221; locked=&#8221;off&#8221; global_colors_info=&#8221;{}&#8221;][et_pb_row column_structure=&#8221;1_3,1_3,1_3&#8243; make_equal=&#8221;on&#8221; _builder_version=&#8221;4.23.1&#8243; _module_preset=&#8221;default&#8221; global_colors_info=&#8221;{}&#8221;][et_pb_column type=&#8221;1_3&#8243; _builder_version=&#8221;4.23.1&#8243; _module_preset=&#8221;default&#8221; custom_css_main_element=&#8221;display: flex;||flex-direction: column;&#8221; global_colors_info=&#8221;{}&#8221;][et_pb_blurb title=&#8221;Imagebrosch\u00fcre&#8221; image=&#8221;https:\/\/standort-niederrhein.de\/wp-content\/uploads\/2023\/11\/broschuere-image-2023.png&#8221; _builder_version=&#8221;4.25.0&#8243; _module_preset=&#8221;default&#8221; header_text_color=&#8221;#EEEDED&#8221; body_text_color=&#8221;#EEEDED&#8221; link_option_url=&#8221;\/files\/imagebroschuere.pdf&#8221; link_option_url_new_window=&#8221;on&#8221; custom_css_blurb_image=&#8221;filter: drop-shadow(0 0 0.75rem rgba(0,0,0,.3));&#8221; title_en_us=&#8221;Image brochure&#8221; content_en_us=&#8221;<\/p>\n<p>The Niederrhine Region \u2013 that&#8217;s a neat sum of competitive investment conditions plus high-performance infrastructure on land, at sea and in the air as well as a central close-to-market location plus a high quality of life. These conditions have created a robust economic structure with creative, innovative and globally marketable companies. Get to know the Niederrhine Region.<\/p>\n<p>&#8221; global_colors_info=&#8221;{}&#8221;]<\/p>\n<p>Der Standort Niederrhein \u2013 das ist eine ordentliche Summe aus wettbewerbsf\u00e4higen Invest-Konditionen plus leistungsstarker Infrastruktur zu Lande, zu Wasser und in der Luft sowie marktnaher Zentrallage plus hoher Lebensqualit\u00e4t. Diese Rahmenbedingungen haben eine robuste Wirtschaftsstruktur geschaffen mit kreativen, innovativen und weltmarktf\u00e4higen Unternehmen. Lernen Sie den Standort Niederrhein n\u00e4her kennen.<\/p>\n<p>[\/et_pb_blurb][et_pb_text _builder_version=&#8221;4.25.1&#8243; _module_preset=&#8221;default&#8221; text_font=&#8221;||||||||&#8221; text_text_color=&#8221;#FFFFFF&#8221; background_color=&#8221;#FE5000&#8243; custom_margin=&#8221;||||false|false&#8221; custom_padding=&#8221;16px|16px|16px|16px|true|true&#8221; link_option_url=&#8221;\/files\/imagebroschuere.pdf&#8221; link_option_url_new_window=&#8221;on&#8221; custom_css_main_element=&#8221; margin-top: auto;&#8221; content_en_us=&#8221;<\/p>\n<p><strong>Image brochure (D\/EN)<\/strong><br \/><span class=%22et-pb-icon%22 style=%22font-size: 1rem;%22>\ue092<\/span> Download (7,4 MB)<\/p>\n<p>&#8221; border_radii=&#8221;on|16px|16px|16px|16px&#8221; global_colors_info=&#8221;{}&#8221; transform_styles__hover_enabled=&#8221;on|hover&#8221; transform_scale__hover_enabled=&#8221;on|hover&#8221; transform_translate__hover_enabled=&#8221;on|desktop&#8221; transform_rotate__hover_enabled=&#8221;on|desktop&#8221; transform_skew__hover_enabled=&#8221;on|desktop&#8221; transform_origin__hover_enabled=&#8221;on|desktop&#8221; transform_scale__hover=&#8221;110%|110%&#8221;]<\/p>\n<p><strong>Imagebrosch\u00fcre (D\/EN)<\/strong><br \/><span class=\"et-pb-icon\" style=\"font-size: 1rem;\">\ue092<\/span> Download<\/p>\n<p>[\/et_pb_text][\/et_pb_column][et_pb_column type=&#8221;1_3&#8243; _builder_version=&#8221;4.23.1&#8243; _module_preset=&#8221;default&#8221; custom_css_main_element=&#8221;display: flex;||flex-direction: column;&#8221; global_colors_info=&#8221;{}&#8221;][et_pb_blurb title=&#8221;Immobilienguide 2025\/2026&#8243; image=&#8221;https:\/\/standort-niederrhein.de\/wp-content\/uploads\/2025\/09\/broschuere-immo-2025.png&#8221; _builder_version=&#8221;4.27.4&#8243; _module_preset=&#8221;default&#8221; header_text_color=&#8221;#EEEDED&#8221; body_text_color=&#8221;#EEEDED&#8221; link_option_url=&#8221;\/files\/immobilienguide.pdf&#8221; link_option_url_new_window=&#8221;on&#8221; hover_enabled=&#8221;0&#8243; custom_css_blurb_image=&#8221;filter: drop-shadow(0 0 0.75rem rgba(0,0,0,.3));&#8221; title_en_us=&#8221;Real Estate Guide 2025\/2026&#8243; content_en_us=&#8221;<\/p>\n<p>There is still space in the Niederrhein Region. The Real Estate Guide 2025\/2026 presents 63 projects that show a cross-section of the current range of properties for office, commercial, industrial, retail and residential use.<\/p>\n<p>&#8221; global_colors_info=&#8221;{}&#8221; alt=&#8221;Cover Immobilienguide 2025\/2026&#8243; title_text=&#8221;Cover Immobilienguide 2025\/2026&#8243; sticky_enabled=&#8221;0&#8243;]Der Standort Niederrhein hat Platz. Die Ausgabe 2025\/2026 des Immobilienguide stellt 63 Projekte vor, die einen Querschnitt durch das aktuelle Angebot an Grundst\u00fccken und Objekten f\u00fcr B\u00fcro, Gewerbe, Industrie, Einzelhandel und Wohnen bilden.[\/et_pb_blurb][et_pb_text _builder_version=&#8221;4.27.4&#8243; _module_preset=&#8221;default&#8221; text_font=&#8221;||||||||&#8221; text_text_color=&#8221;#FFFFFF&#8221; background_color=&#8221;#FE5000&#8243; custom_margin=&#8221;||||false|false&#8221; custom_padding=&#8221;16px|16px|16px|16px|true|true&#8221; link_option_url=&#8221;\/files\/immobilienguide.pdf&#8221; link_option_url_new_window=&#8221;on&#8221; hover_enabled=&#8221;0&#8243; custom_css_main_element=&#8221; margin-top: auto;&#8221; content_en_us=&#8221;<\/p>\n<p><strong>Real Estate Guide 2025\/2026 (D\/EN)<\/strong><br \/><span class=%22et-pb-icon%22 style=%22font-size: 1rem;%22>\ue092<\/span> Download<\/p>\n<p>&#8221; border_radii=&#8221;on|16px|16px|16px|16px&#8221; global_colors_info=&#8221;{}&#8221; transform_styles__hover_enabled=&#8221;on|hover&#8221; transform_scale__hover_enabled=&#8221;on|hover&#8221; transform_translate__hover_enabled=&#8221;on|desktop&#8221; transform_rotate__hover_enabled=&#8221;on|desktop&#8221; transform_skew__hover_enabled=&#8221;on|desktop&#8221; transform_origin__hover_enabled=&#8221;on|desktop&#8221; transform_scale__hover=&#8221;110%|110%&#8221; sticky_enabled=&#8221;0&#8243;]<\/p>\n<p><strong>Immobilienguide 2025\/2026 (D\/EN)<\/strong><br \/><span class=\"et-pb-icon\" style=\"font-size: 1rem;\">\ue092<\/span> Download<\/p>\n<p>[\/et_pb_text][\/et_pb_column][et_pb_column type=&#8221;1_3&#8243; _builder_version=&#8221;4.23.1&#8243; _module_preset=&#8221;default&#8221; custom_css_main_element=&#8221;display: flex;||flex-direction: column;&#8221; global_colors_info=&#8221;{}&#8221;][et_pb_blurb title=&#8221;Marktbericht 2024&#8243; image=&#8221;https:\/\/standort-niederrhein.de\/wp-content\/uploads\/2024\/09\/broschuere-markt-2024.png&#8221; _builder_version=&#8221;4.27.0&#8243; _module_preset=&#8221;default&#8221; header_text_color=&#8221;#EEEDED&#8221; body_text_color=&#8221;#EEEDED&#8221; link_option_url=&#8221;\/files\/marktbericht.pdf&#8221; link_option_url_new_window=&#8221;on&#8221; custom_css_blurb_image=&#8221;filter: drop-shadow(0 0 0.75rem rgba(0,0,0,.3));&#8221; title_en_us=&#8221;Market Report 2024&#8243; content_en_us=&#8221;<\/p>\n<p>The newest \u201eNiederrhein Region Market Report\u201c has been produced in cooperation with the market research company bulwiengesa AG. The updated market report provides investors, market participants, owner-occupiers and tenants with a solid foundation for safe and correct real estate decisions.<\/p>\n<p>&#8221; global_colors_info=&#8221;{}&#8221;]<\/p>\n<p>In Zusammenarbeit mit dem Marktforschungsunternehmen bulwiengesa AG wurde nunmehr der sechste \u201eStandort Niederrhein Marktbericht\u201c erstellt. Mit dem aktualisierten Marktbericht erhalten Investoren, Marktteilnehmer, Eigennutzer und Mieter eine gute Grundlage f\u00fcr sichere und richtige Immobilien-Entscheidungen.<\/p>\n<p>[\/et_pb_blurb][et_pb_text _builder_version=&#8221;4.27.0&#8243; _module_preset=&#8221;default&#8221; text_font=&#8221;||||||||&#8221; text_text_color=&#8221;#FFFFFF&#8221; background_color=&#8221;#FE5000&#8243; custom_margin=&#8221;||||false|false&#8221; custom_padding=&#8221;16px|16px|16px|16px|true|true&#8221; link_option_url=&#8221;\/files\/marktbericht.pdf&#8221; link_option_url_new_window=&#8221;on&#8221; custom_css_main_element=&#8221; margin-top: auto;&#8221; content_en_us=&#8221;<\/p>\n<p><strong>Market Report 2024 (D\/EN)<\/strong><br \/><span class=%22et-pb-icon%22 style=%22font-size: 1rem;%22>\ue092<\/span> Download<\/p>\n<p>&#8221; border_radii=&#8221;on|16px|16px|16px|16px&#8221; global_colors_info=&#8221;{}&#8221; transform_styles__hover_enabled=&#8221;on|hover&#8221; transform_scale__hover_enabled=&#8221;on|hover&#8221; transform_translate__hover_enabled=&#8221;on|desktop&#8221; transform_rotate__hover_enabled=&#8221;on|desktop&#8221; transform_skew__hover_enabled=&#8221;on|desktop&#8221; transform_origin__hover_enabled=&#8221;on|desktop&#8221; transform_scale__hover=&#8221;110%|110%&#8221;]<\/p>\n<p><strong>Marktbericht 2024 (D\/EN)<\/strong><br \/><span class=\"et-pb-icon\" style=\"font-size: 1rem;\">\ue092<\/span> Download<\/p>\n<p>[\/et_pb_text][\/et_pb_column][\/et_pb_row][\/et_pb_section][et_pb_section fb_built=&#8221;1&#8243; admin_label=&#8221;Ansprechpartner&#8221; _builder_version=&#8221;4.21.0&#8243; _module_preset=&#8221;default&#8221; global_module=&#8221;2785&#8243; locked=&#8221;off&#8221; global_colors_info=&#8221;{}&#8221;][et_pb_row _builder_version=&#8221;4.23.1&#8243; _module_preset=&#8221;default&#8221; global_colors_info=&#8221;{}&#8221;][et_pb_column type=&#8221;4_4&#8243; _builder_version=&#8221;4.21.0&#8243; _module_preset=&#8221;default&#8221; global_colors_info=&#8221;{}&#8221;][et_pb_text _builder_version=&#8221;4.24.1&#8243; _module_preset=&#8221;default&#8221; text_orientation=&#8221;center&#8221; max_width=&#8221;720px&#8221; module_alignment=&#8221;center&#8221; content_en_us=&#8221;<\/p>\n<h2>Your Contacts<\/h2>\n<p><span>Standort Niederrhein GmbH provides data and analysis on the Niederrhein Region as an investment location and is the first port of call for investors and businesses that are interested in locating in the Niederrhein Region. Please use us as an information platform for your business in the Niederrhein Region.<\/span><\/p>\n<p>&#8221; global_colors_info=&#8221;{}&#8221;]<\/p>\n<h2>Sprechen Sie uns an!<\/h2>\n<p>Die Standort Niederrhein GmbH stellt Daten, Analysen und Informationen \u00fcber den Wirtschafts\u00adstandort Nieder\u00adrhein bereit und ist die erste Anlauf\u00adstelle f\u00fcr Investoren und\u00a0Unternehmen, die sich f\u00fcr den Nieder\u00adrhein als Standort interessieren. Nutzen Sie uns als Ihre Informations\u00adplattform f\u00fcr Ihr Business am Nieder\u00adrhein.<\/p>\n<p>[\/et_pb_text][\/et_pb_column][\/et_pb_row][et_pb_row column_structure=&#8221;1_3,1_3,1_3&#8243; use_custom_gutter=&#8221;on&#8221; gutter_width=&#8221;2&#8243; module_class=&#8221;stn-ansprechpartner&#8221; _builder_version=&#8221;4.21.0&#8243; _module_preset=&#8221;default&#8221; global_colors_info=&#8221;{}&#8221;][et_pb_column type=&#8221;1_3&#8243; _builder_version=&#8221;4.21.0&#8243; _module_preset=&#8221;default&#8221; global_colors_info=&#8221;{}&#8221;][et_pb_blurb title=&#8221;Bertram Gaiser&#8221; image=&#8221;https:\/\/standort-niederrhein.de\/wp-content\/uploads\/2023\/07\/bertram-gaiser.jpg&#8221; module_class=&#8221;contact-tile&#8221; _builder_version=&#8221;4.23.1&#8243; _module_preset=&#8221;e91db9bc-9eca-44a4-ae02-615a87bc481a&#8221; title_en_us=&#8221;Bertram Gaiser&#8221; content_en_us=&#8221;<\/p>\n<p>Managing Director<br \/>+49 (0) 2131.92 68 592<br \/><a href=%22mailto:gaiser@standort-niederrhein.de%22>gaiser@standort-niederrhein.de<\/a><\/p>\n<p>&#8221; global_colors_info=&#8221;{}&#8221;]<\/p>\n<p>Gesch\u00e4ftsf\u00fchrer<br \/>+49 (0) 2131.92 68 592<br \/><a href=\"mailto:gaiser@standort-niederrhein.de\">gaiser@standort-niederrhein.de<\/a><\/p>\n<p>[\/et_pb_blurb][\/et_pb_column][et_pb_column type=&#8221;1_3&#8243; _builder_version=&#8221;4.21.0&#8243; _module_preset=&#8221;default&#8221; global_colors_info=&#8221;{}&#8221;][et_pb_blurb title=&#8221;Andrea Scharf&#8221; image=&#8221;https:\/\/standort-niederrhein.de\/wp-content\/uploads\/2023\/07\/andrea-scharf.jpg&#8221; module_class=&#8221;contact-tile&#8221; _builder_version=&#8221;4.23.1&#8243; _module_preset=&#8221;e91db9bc-9eca-44a4-ae02-615a87bc481a&#8221; title_en_us=&#8221;Andrea Scharf&#8221; content_en_us=&#8221;<\/p>\n<p>Project management, location marketing<br \/>+49 (0) 2131.92 68 591<br \/><a href=%22mailto:scharf@standort-niederrhein.de%22>scharf@standort-niederrhein.de<\/a><\/p>\n<p>&#8221; global_colors_info=&#8221;{}&#8221;]<\/p>\n<p>Projektleitung, Standortmarketing<br \/>+49 (0) 2131.92 68 591<br \/><a href=\"mailto:scharf@standort-niederrhein.de\">scharf@standort-niederrhein.de<\/a><\/p>\n<p>[\/et_pb_blurb][\/et_pb_column][et_pb_column type=&#8221;1_3&#8243; _builder_version=&#8221;4.21.0&#8243; _module_preset=&#8221;default&#8221; global_colors_info=&#8221;{}&#8221;][et_pb_blurb title=&#8221;Silke Mayer-Lyko&#8221; image=&#8221;https:\/\/standort-niederrhein.de\/wp-content\/uploads\/2023\/07\/silke-mayer-lyko.jpg&#8221; module_class=&#8221;contact-tile&#8221; _builder_version=&#8221;4.23.1&#8243; _module_preset=&#8221;e91db9bc-9eca-44a4-ae02-615a87bc481a&#8221; title_en_us=&#8221;Silke Mayer-Lyko&#8221; content_en_us=&#8221;<\/p>\n<p>Press and public relations<br \/>+49 (0) 2131.92 68 597<br \/><a href=%22mailto:mayer-lyko@standort-niederrhein.de%22>mayer-lyko@standort-niederrhein.de<\/a><\/p>\n<p>&#8221; global_colors_info=&#8221;{}&#8221;]<\/p>\n<p>Presse- und \u00d6ffentlichkeitsarbeit<br \/>+49 (0) 2131.92 68 597<br \/><a href=\"mailto:mayer-lyko@standort-niederrhein.de\">mayer-lyko@standort-niederrhein.de<\/a><\/p>\n<p>[\/et_pb_blurb][\/et_pb_column][\/et_pb_row][\/et_pb_section]<\/p>\n","protected":false},"excerpt":{"rendered":"<p>DownloadsDer Standort Niederrhein \u2013 das ist eine ordentliche Summe aus wettbewerbsf\u00e4higen Invest-Konditionen plus leistungsstarker Infrastruktur zu Lande, zu Wasser und in der Luft sowie marktnaher Zentrallage plus hoher Lebensqualit\u00e4t. Diese Rahmenbedingungen haben eine robuste Wirtschaftsstruktur geschaffen mit kreativen, innovativen und weltmarktf\u00e4higen Unternehmen. Lernen Sie den Standort Niederrhein n\u00e4her kennen.Imagebrosch\u00fcre (D\/EN)\ue092 DownloadDer Standort Niederrhein hat Platz. Die Ausgabe 2025\/2026 des Immobilienguide stellt 63 Projekte vor, die einen Querschnitt durch das aktuelle Angebot an Grundst\u00fccken und Objekten f\u00fcr B\u00fcro, Gewerbe, Industrie, Einzelhandel und Wohnen bilden.Immobilienguide 2025\/2026 (D\/EN)\ue092 DownloadIn Zusammenarbeit mit dem Marktforschungsunternehmen bulwiengesa AG wurde nunmehr der sechste \u201eStandort Niederrhein Marktbericht\u201c erstellt. Mit dem aktualisierten Marktbericht erhalten Investoren, Marktteilnehmer, Eigennutzer und Mieter eine gute Grundlage f\u00fcr sichere und richtige Immobilien-Entscheidungen.Marktbericht 2024 (D\/EN)\ue092 DownloadSprechen Sie uns an! Die Standort Niederrhein GmbH stellt Daten, Analysen und Informationen \u00fcber den Wirtschafts\u00adstandort Nieder\u00adrhein bereit und ist die erste Anlauf\u00adstelle f\u00fcr Investoren und\u00a0Unternehmen, die sich f\u00fcr den Nieder\u00adrhein als Standort interessieren. Nutzen Sie uns als Ihre Informations\u00adplattform f\u00fcr Ihr Business am Nieder\u00adrhein.Gesch\u00e4ftsf\u00fchrer+49 (0) 2131.92 68 592gaiser@standort-niederrhein.deProjektleitung, Standortmarketing+49 (0) 2131.92 68 591scharf@standort-niederrhein.dePresse- und \u00d6ffentlichkeitsarbeit+49 (0) 2131.92 68 597mayer-lyko@standort-niederrhein.de<\/p>\n","protected":false},"author":1,"featured_media":0,"parent":0,"menu_order":0,"comment_status":"closed","ping_status":"closed","template":"","meta":{"_et_pb_use_builder":"on","_et_pb_old_content":"","_et_gb_content_width":"","footnotes":""},"class_list":["post-2470","page","type-page","status-publish","hentry"],"_links":{"self":[{"href":"https:\/\/standort-niederrhein.de\/en\/wp-json\/wp\/v2\/pages\/2470","targetHints":{"allow":["GET"]}}],"collection":[{"href":"https:\/\/standort-niederrhein.de\/en\/wp-json\/wp\/v2\/pages"}],"about":[{"href":"https:\/\/standort-niederrhein.de\/en\/wp-json\/wp\/v2\/types\/page"}],"author":[{"embeddable":true,"href":"https:\/\/standort-niederrhein.de\/en\/wp-json\/wp\/v2\/users\/1"}],"replies":[{"embeddable":true,"href":"https:\/\/standort-niederrhein.de\/en\/wp-json\/wp\/v2\/comments?post=2470"}],"version-history":[{"count":26,"href":"https:\/\/standort-niederrhein.de\/en\/wp-json\/wp\/v2\/pages\/2470\/revisions"}],"predecessor-version":[{"id":6606,"href":"https:\/\/standort-niederrhein.de\/en\/wp-json\/wp\/v2\/pages\/2470\/revisions\/6606"}],"wp:attachment":[{"href":"https:\/\/standort-niederrhein.de\/en\/wp-json\/wp\/v2\/media?parent=2470"}],"curies":[{"name":"wp","href":"https:\/\/api.w.org\/{rel}","templated":true}]}}